{"id":766,"date":"2026-01-04T10:16:15","date_gmt":"2026-01-04T10:16:15","guid":{"rendered":"http:\/\/music-academypezenas.fr\/?page_id=766"},"modified":"2026-01-04T10:25:18","modified_gmt":"2026-01-04T10:25:18","slug":"elementor-766","status":"publish","type":"page","link":"http:\/\/music-academypezenas.fr\/?page_id=766","title":{"rendered":"Formations"},"content":{"rendered":"\t\t<div data-elementor-type=\"wp-page\" data-elementor-id=\"766\" class=\"elementor elementor-766\" data-elementor-post-type=\"page\">\n\t\t\t\t<div class=\"elementor-element elementor-element-4e73fc0f e-con-full e-flex e-con e-parent\" data-id=\"4e73fc0f\" data-element_type=\"container\" data-settings=\"{&quot;background_background&quot;:&quot;classic&quot;}\">\n\t\t\t\t<div class=\"elementor-element elementor-element-433dc8db elementor-widget__width-initial elementor-widget elementor-widget-heading\" data-id=\"433dc8db\" data-element_type=\"widget\" data-widget_type=\"heading.default\">\n\t\t\t\t\t<h1 class=\"elementor-heading-title elementor-size-default\">FORMATIONS<\/h1>\t\t\t\t<\/div>\n\t\t\t\t<div class=\"elementor-element elementor-element-637ce5dd elementor-absolute elementor-widget-mobile__width-inherit elementor-view-default elementor-invisible elementor-widget elementor-widget-icon\" data-id=\"637ce5dd\" data-element_type=\"widget\" data-settings=\"{&quot;_position&quot;:&quot;absolute&quot;,&quot;_animation&quot;:&quot;slideInDown&quot;}\" data-widget_type=\"icon.default\">\n\t\t\t\t\t\t\t<div class=\"elementor-icon-wrapper\">\n\t\t\t<a class=\"elementor-icon elementor-animation-sink\" href=\"#next\">\n\t\t\t<svg xmlns=\"http:\/\/www.w3.org\/2000\/svg\" id=\"e7693ca5-bf76-42df-999c-dbc3066cda9e\" data-name=\"Layer 1\" width=\"21.3525\" height=\"10.7197\" viewBox=\"0 0 21.3525 10.7197\"><polygon points=\"21 5.229 21.343 4.865 16.165 0 15.479 0.729 19.737 4.729 0 4.729 0 5.729 19.786 5.729 15.47 10.009 16.175 10.72 21.353 5.584 21 5.229\"><\/polygon><\/svg>\t\t\t<\/a>\n\t\t<\/div>\n\t\t\t\t\t\t<\/div>\n\t\t\t\t<\/div>\n\t\t<div class=\"elementor-element elementor-element-249df054 e-con-full e-flex e-con e-parent\" data-id=\"249df054\" data-element_type=\"container\" id=\"next\">\n\t\t\t\t<div class=\"elementor-element elementor-element-59a17eac elementor-widget elementor-widget-heading\" data-id=\"59a17eac\" data-element_type=\"widget\" data-widget_type=\"heading.default\">\n\t\t\t\t\t<h3 class=\"elementor-heading-title elementor-size-default\">FORMULES <\/h3>\t\t\t\t<\/div>\n\t\t<div class=\"elementor-element elementor-element-2fedda68 e-con-full e-flex e-con e-child\" data-id=\"2fedda68\" data-element_type=\"container\">\n\t\t<div class=\"elementor-element elementor-element-2c9f02ec e-con-full e-flex e-con e-child\" data-id=\"2c9f02ec\" data-element_type=\"container\">\n\t\t\t\t<div class=\"elementor-element elementor-element-498c94f6 elementor-widget__width-auto elementor-widget-mobile__width-inherit elementor-invisible elementor-widget elementor-widget-heading\" data-id=\"498c94f6\" data-element_type=\"widget\" data-settings=\"{&quot;_animation&quot;:&quot;fadeInRight&quot;}\" data-widget_type=\"heading.default\">\n\t\t\t\t\t<p class=\"elementor-heading-title elementor-size-default\">01<\/p>\t\t\t\t<\/div>\n\t\t\t\t<div class=\"elementor-element elementor-element-2fc70e83 elementor-widget__width-initial elementor-widget-tablet__width-initial elementor-widget-mobile__width-inherit elementor-widget elementor-widget-icon-box\" data-id=\"2fc70e83\" data-element_type=\"widget\" data-widget_type=\"icon-box.default\">\n\t\t\t\t\t\t\t<div class=\"elementor-icon-box-wrapper\">\n\n\t\t\t\n\t\t\t\t\t\t<div class=\"elementor-icon-box-content\">\n\n\t\t\t\t\t\t\t\t\t<h4 class=\"elementor-icon-box-title\">\n\t\t\t\t\t\t<span  >\n\t\t\t\t\t\t\tLIBRE\t\t\t\t\t\t<\/span>\n\t\t\t\t\t<\/h4>\n\t\t\t\t\n\t\t\t\t\t\t\t\t\t<p class=\"elementor-icon-box-description\">\n\t\t\t\t\t\t\u00c9cole de musique offrant un enseignement personnalis\u00e9, adapt\u00e9 aux go\u00fbts, au style et aux envies de chaque \u00e9l\u00e8ve, avec des conseils sur mesure pour r\u00e9v\u00e9ler sa personnalit\u00e9 musicale.\t\t\t\t\t<\/p>\n\t\t\t\t\n\t\t\t<\/div>\n\t\t\t\n\t\t<\/div>\n\t\t\t\t\t\t<\/div>\n\t\t\t\t<\/div>\n\t\t<div class=\"elementor-element elementor-element-7a25ff3a e-con-full e-flex e-con e-child\" data-id=\"7a25ff3a\" data-element_type=\"container\">\n\t\t\t\t<div class=\"elementor-element elementor-element-1d1e5649 elementor-widget__width-auto elementor-widget-mobile__width-inherit elementor-invisible elementor-widget elementor-widget-heading\" data-id=\"1d1e5649\" data-element_type=\"widget\" data-settings=\"{&quot;_animation&quot;:&quot;fadeInRight&quot;}\" data-widget_type=\"heading.default\">\n\t\t\t\t\t<p class=\"elementor-heading-title elementor-size-default\">02<\/p>\t\t\t\t<\/div>\n\t\t\t\t<div class=\"elementor-element elementor-element-7551b293 elementor-widget__width-initial elementor-widget-tablet__width-initial elementor-widget-mobile__width-inherit elementor-widget elementor-widget-icon-box\" data-id=\"7551b293\" data-element_type=\"widget\" data-widget_type=\"icon-box.default\">\n\t\t\t\t\t\t\t<div class=\"elementor-icon-box-wrapper\">\n\n\t\t\t\n\t\t\t\t\t\t<div class=\"elementor-icon-box-content\">\n\n\t\t\t\t\t\t\t\t\t<h4 class=\"elementor-icon-box-title\">\n\t\t\t\t\t\t<span  >\n\t\t\t\t\t\t\tPRO\t\t\t\t\t\t<\/span>\n\t\t\t\t\t<\/h4>\n\t\t\t\t\n\t\t\t\t\t\t\t\t\t<p class=\"elementor-icon-box-description\">\n\t\t\t\t\t\tFormation musicale sur mesure destin\u00e9e aux associations, entreprises et \u00e9tablissements scolaires publics ou priv\u00e9s, adapt\u00e9e aux besoins, aux objectifs et aux publics concern\u00e9s.\t\t\t\t\t<\/p>\n\t\t\t\t\n\t\t\t<\/div>\n\t\t\t\n\t\t<\/div>\n\t\t\t\t\t\t<\/div>\n\t\t\t\t<\/div>\n\t\t<div class=\"elementor-element elementor-element-21c818c9 e-con-full e-flex e-con e-child\" data-id=\"21c818c9\" data-element_type=\"container\">\n\t\t\t\t<div class=\"elementor-element elementor-element-24c0d798 elementor-widget__width-auto elementor-widget-mobile__width-inherit elementor-invisible elementor-widget elementor-widget-heading\" data-id=\"24c0d798\" data-element_type=\"widget\" data-settings=\"{&quot;_animation&quot;:&quot;fadeInRight&quot;}\" data-widget_type=\"heading.default\">\n\t\t\t\t\t<p class=\"elementor-heading-title elementor-size-default\">03<\/p>\t\t\t\t<\/div>\n\t\t\t\t<div class=\"elementor-element elementor-element-5a259e96 elementor-widget__width-initial elementor-widget-tablet__width-initial elementor-widget-mobile__width-inherit elementor-widget elementor-widget-icon-box\" data-id=\"5a259e96\" data-element_type=\"widget\" data-widget_type=\"icon-box.default\">\n\t\t\t\t\t\t\t<div class=\"elementor-icon-box-wrapper\">\n\n\t\t\t\n\t\t\t\t\t\t<div class=\"elementor-icon-box-content\">\n\n\t\t\t\t\t\t\t\t\t<h4 class=\"elementor-icon-box-title\">\n\t\t\t\t\t\t<span  >\n\t\t\t\t\t\t\tWEBCAM\t\t\t\t\t\t<\/span>\n\t\t\t\t\t<\/h4>\n\t\t\t\t\n\t\t\t\t\t\t\t\t\t<p class=\"elementor-icon-box-description\">\n\t\t\t\t\t\tCours d'instruments personnalis\u00e9 en webcam, adapt\u00e9 au style et aux envies de chaque \u00e9l\u00e8ve, avec des conseils sur mesure pour r\u00e9v\u00e9ler sa personnalit\u00e9 musicale.\t\t\t\t\t<\/p>\n\t\t\t\t\n\t\t\t<\/div>\n\t\t\t\n\t\t<\/div>\n\t\t\t\t\t\t<\/div>\n\t\t\t\t<\/div>\n\t\t\t\t<\/div>\n\t\t\t\t<\/div>\n\t\t<div class=\"elementor-element elementor-element-27a43375 e-con-full e-flex e-con e-parent\" data-id=\"27a43375\" data-element_type=\"container\">\n\t\t<div class=\"elementor-element elementor-element-5fb14444 e-con-full e-flex e-con e-child\" data-id=\"5fb14444\" data-element_type=\"container\">\n\t\t\t\t<\/div>\n\t\t<div class=\"elementor-element elementor-element-68f01552 e-con-full e-flex e-con e-child\" data-id=\"68f01552\" data-element_type=\"container\">\n\t\t<div class=\"elementor-element elementor-element-63568bfd e-con-full e-flex e-con e-child\" data-id=\"63568bfd\" data-element_type=\"container\">\n\t\t\t\t<div class=\"elementor-element elementor-element-597d3323 elementor-widget elementor-widget-image\" data-id=\"597d3323\" data-element_type=\"widget\" data-widget_type=\"image.default\">\n\t\t\t\t\t\t\t\t\t\t\t\t\t\t\t<img fetchpriority=\"high\" decoding=\"async\" width=\"612\" height=\"791\" src=\"http:\/\/music-academypezenas.fr\/wp-content\/uploads\/2026\/01\/01.jpg\" class=\"attachment-full size-full wp-image-775\" alt=\"\" srcset=\"http:\/\/music-academypezenas.fr\/wp-content\/uploads\/2026\/01\/01.jpg 612w, http:\/\/music-academypezenas.fr\/wp-content\/uploads\/2026\/01\/01-232x300.jpg 232w, http:\/\/music-academypezenas.fr\/wp-content\/uploads\/2026\/01\/elementor\/thumbs\/01-rh5k3fq9glfyvc6gzh3hxtdhkdxxous6vsq18amvd6.jpg 1w\" sizes=\"(max-width: 612px) 100vw, 612px\" \/>\t\t\t\t\t\t\t\t\t\t\t\t\t\t\t<\/div>\n\t\t\t\t<div class=\"elementor-element elementor-element-1fc25fe elementor-invisible elementor-widget elementor-widget-image-box\" data-id=\"1fc25fe\" data-element_type=\"widget\" data-settings=\"{&quot;_animation&quot;:&quot;fadeInDown&quot;}\" data-widget_type=\"image-box.default\">\n\t\t\t\t\t<div class=\"elementor-image-box-wrapper\"><div class=\"elementor-image-box-content\"><h4 class=\"elementor-image-box-title\">Formation Generale 1<\/h4><p class=\"elementor-image-box-description\">La guitare, les mains, le m\u00e9diator, les \u00e9l\u00e9ments de la partition, les accords et beaucoup d'autres \u00e9l\u00e9ments indispensables \u00e0 l'apprentissage.<\/p><\/div><\/div>\t\t\t\t<\/div>\n\t\t\t\t<\/div>\n\t\t<div class=\"elementor-element elementor-element-4f219a0b e-con-full e-flex e-con e-child\" data-id=\"4f219a0b\" data-element_type=\"container\">\n\t\t\t\t<div class=\"elementor-element elementor-element-26403982 elementor-widget elementor-widget-image\" data-id=\"26403982\" data-element_type=\"widget\" data-widget_type=\"image.default\">\n\t\t\t\t\t\t\t\t\t\t\t\t\t\t\t<img decoding=\"async\" width=\"612\" height=\"791\" src=\"http:\/\/music-academypezenas.fr\/wp-content\/uploads\/2026\/01\/devenez-guitariste-N2.jpg\" class=\"attachment-full size-full wp-image-783\" alt=\"\" srcset=\"http:\/\/music-academypezenas.fr\/wp-content\/uploads\/2026\/01\/devenez-guitariste-N2.jpg 612w, http:\/\/music-academypezenas.fr\/wp-content\/uploads\/2026\/01\/devenez-guitariste-N2-232x300.jpg 232w\" sizes=\"(max-width: 612px) 100vw, 612px\" \/>\t\t\t\t\t\t\t\t\t\t\t\t\t\t\t<\/div>\n\t\t\t\t<div class=\"elementor-element elementor-element-77cecd56 elementor-invisible elementor-widget elementor-widget-image-box\" data-id=\"77cecd56\" data-element_type=\"widget\" data-settings=\"{&quot;_animation&quot;:&quot;fadeInDown&quot;}\" data-widget_type=\"image-box.default\">\n\t\t\t\t\t<div class=\"elementor-image-box-wrapper\"><div class=\"elementor-image-box-content\"><h4 class=\"elementor-image-box-title\">Formation Generale 2<\/h4><p class=\"elementor-image-box-description\">Aller retour et sweeping. contexte complet, strategie et mise en place des techniques dans son quotidien. nombreux exercices et applications.<\/p><\/div><\/div>\t\t\t\t<\/div>\n\t\t\t\t<\/div>\n\t\t<div class=\"elementor-element elementor-element-7e1226c9 e-con-full e-flex e-con e-child\" data-id=\"7e1226c9\" data-element_type=\"container\">\n\t\t\t\t<div class=\"elementor-element elementor-element-3f6cdcbf elementor-widget elementor-widget-image\" data-id=\"3f6cdcbf\" data-element_type=\"widget\" data-widget_type=\"image.default\">\n\t\t\t\t\t\t\t\t\t\t\t\t\t\t\t<img decoding=\"async\" width=\"612\" height=\"791\" src=\"http:\/\/music-academypezenas.fr\/wp-content\/uploads\/2026\/01\/devenez-guitariste-N3.jpg\" class=\"attachment-full size-full wp-image-782\" alt=\"\" srcset=\"http:\/\/music-academypezenas.fr\/wp-content\/uploads\/2026\/01\/devenez-guitariste-N3.jpg 612w, http:\/\/music-academypezenas.fr\/wp-content\/uploads\/2026\/01\/devenez-guitariste-N3-232x300.jpg 232w\" sizes=\"(max-width: 612px) 100vw, 612px\" \/>\t\t\t\t\t\t\t\t\t\t\t\t\t\t\t<\/div>\n\t\t\t\t<div class=\"elementor-element elementor-element-66b94fe4 elementor-invisible elementor-widget elementor-widget-image-box\" data-id=\"66b94fe4\" data-element_type=\"widget\" data-settings=\"{&quot;_animation&quot;:&quot;fadeInDown&quot;}\" data-widget_type=\"image-box.default\">\n\t\t\t\t\t<div class=\"elementor-image-box-wrapper\"><div class=\"elementor-image-box-content\"><h4 class=\"elementor-image-box-title\">Formation Generale 3<\/h4><p class=\"elementor-image-box-description\">Lorem ipsum dolor sit amet, te has solet postea. Voluptua quaestio dissentias has ex, no eum aliquid tibique petentium<\/p><\/div><\/div>\t\t\t\t<\/div>\n\t\t\t\t<\/div>\n\t\t\t\t<\/div>\n\t\t\t\t<\/div>\n\t\t<div class=\"elementor-element elementor-element-fc63b58 e-con-full e-flex e-con e-parent\" data-id=\"fc63b58\" data-element_type=\"container\">\n\t\t<div class=\"elementor-element elementor-element-e650363 e-con-full e-flex e-con e-child\" data-id=\"e650363\" data-element_type=\"container\">\n\t\t<div class=\"elementor-element elementor-element-1b59233 e-con-full e-flex e-con e-child\" data-id=\"1b59233\" data-element_type=\"container\">\n\t\t\t\t<div class=\"elementor-element elementor-element-11b3527 elementor-widget elementor-widget-image\" data-id=\"11b3527\" data-element_type=\"widget\" data-widget_type=\"image.default\">\n\t\t\t\t\t\t\t\t\t\t\t\t\t\t\t<img loading=\"lazy\" decoding=\"async\" width=\"541\" height=\"796\" src=\"http:\/\/music-academypezenas.fr\/wp-content\/uploads\/2026\/01\/Capture-decran-2026-01-04-a-10.57.55.jpg\" class=\"attachment-full size-full wp-image-784\" alt=\"\" srcset=\"http:\/\/music-academypezenas.fr\/wp-content\/uploads\/2026\/01\/Capture-decran-2026-01-04-a-10.57.55.jpg 541w, http:\/\/music-academypezenas.fr\/wp-content\/uploads\/2026\/01\/Capture-decran-2026-01-04-a-10.57.55-204x300.jpg 204w\" sizes=\"(max-width: 541px) 100vw, 541px\" \/>\t\t\t\t\t\t\t\t\t\t\t\t\t\t\t<\/div>\n\t\t\t\t<div class=\"elementor-element elementor-element-64e538f elementor-invisible elementor-widget elementor-widget-image-box\" data-id=\"64e538f\" data-element_type=\"widget\" data-settings=\"{&quot;_animation&quot;:&quot;fadeInDown&quot;}\" data-widget_type=\"image-box.default\">\n\t\t\t\t\t<div class=\"elementor-image-box-wrapper\"><div class=\"elementor-image-box-content\"><h4 class=\"elementor-image-box-title\">Formation rythme<\/h4><p class=\"elementor-image-box-description\">100% rythme: noire, blanche etc. croche, double etc  la m\u00e9thode efficace pour comprendre et apporter du rythme \u00e0 votre instrument<\/p><\/div><\/div>\t\t\t\t<\/div>\n\t\t\t\t<\/div>\n\t\t<div class=\"elementor-element elementor-element-9e56fa6 e-con-full e-flex e-con e-child\" data-id=\"9e56fa6\" data-element_type=\"container\">\n\t\t\t\t<div class=\"elementor-element elementor-element-b239c38 elementor-widget elementor-widget-image\" data-id=\"b239c38\" data-element_type=\"widget\" data-widget_type=\"image.default\">\n\t\t\t\t\t\t\t\t\t\t\t\t\t\t\t<img loading=\"lazy\" decoding=\"async\" width=\"647\" height=\"934\" src=\"http:\/\/music-academypezenas.fr\/wp-content\/uploads\/2026\/01\/Capture-decran-2026-01-04-a-10.34.38.png\" class=\"attachment-full size-full wp-image-780\" alt=\"\" srcset=\"http:\/\/music-academypezenas.fr\/wp-content\/uploads\/2026\/01\/Capture-decran-2026-01-04-a-10.34.38.png 647w, http:\/\/music-academypezenas.fr\/wp-content\/uploads\/2026\/01\/Capture-decran-2026-01-04-a-10.34.38-208x300.png 208w\" sizes=\"(max-width: 647px) 100vw, 647px\" \/>\t\t\t\t\t\t\t\t\t\t\t\t\t\t\t<\/div>\n\t\t\t\t<div class=\"elementor-element elementor-element-629229a elementor-invisible elementor-widget elementor-widget-image-box\" data-id=\"629229a\" data-element_type=\"widget\" data-settings=\"{&quot;_animation&quot;:&quot;fadeInDown&quot;}\" data-widget_type=\"image-box.default\">\n\t\t\t\t\t<div class=\"elementor-image-box-wrapper\"><div class=\"elementor-image-box-content\"><h4 class=\"elementor-image-box-title\">Technique Vol 1 <\/h4><p class=\"elementor-image-box-description\">Aller retour et sweeping. contexte complet, strategie et mise en place des techniques dans son quotidien. nombreux exercices et applications. m\u00e9thode simple et rapide.<\/p><\/div><\/div>\t\t\t\t<\/div>\n\t\t\t\t<\/div>\n\t\t<div class=\"elementor-element elementor-element-e9335df e-con-full e-flex e-con e-child\" data-id=\"e9335df\" data-element_type=\"container\">\n\t\t\t\t<div class=\"elementor-element elementor-element-b4c6375 elementor-widget elementor-widget-image\" data-id=\"b4c6375\" data-element_type=\"widget\" data-widget_type=\"image.default\">\n\t\t\t\t\t\t\t\t\t\t\t\t\t\t\t<img loading=\"lazy\" decoding=\"async\" width=\"646\" height=\"935\" src=\"http:\/\/music-academypezenas.fr\/wp-content\/uploads\/2026\/01\/Capture-decran-2026-01-04-a-10.34.19.png\" class=\"attachment-full size-full wp-image-781\" alt=\"\" srcset=\"http:\/\/music-academypezenas.fr\/wp-content\/uploads\/2026\/01\/Capture-decran-2026-01-04-a-10.34.19.png 646w, http:\/\/music-academypezenas.fr\/wp-content\/uploads\/2026\/01\/Capture-decran-2026-01-04-a-10.34.19-207x300.png 207w\" sizes=\"(max-width: 646px) 100vw, 646px\" \/>\t\t\t\t\t\t\t\t\t\t\t\t\t\t\t<\/div>\n\t\t\t\t<div class=\"elementor-element elementor-element-87250d1 elementor-invisible elementor-widget elementor-widget-image-box\" data-id=\"87250d1\" data-element_type=\"widget\" data-settings=\"{&quot;_animation&quot;:&quot;fadeInDown&quot;}\" data-widget_type=\"image-box.default\">\n\t\t\t\t\t<div class=\"elementor-image-box-wrapper\"><div class=\"elementor-image-box-content\"><h4 class=\"elementor-image-box-title\">Technique VOL 2<\/h4><p class=\"elementor-image-box-description\">L\u00e9gato, Tapping, Bends. second volume des techniques essentielles pour les guitaristes \u00e9lectrique. Strategies d'apprentissage, vitesse et comprehension simple.<\/p><\/div><\/div>\t\t\t\t<\/div>\n\t\t\t\t<\/div>\n\t\t\t\t<\/div>\n\t\t\t\t<\/div>\n\t\t<div class=\"elementor-element elementor-element-1a4cd1ba e-con-full e-flex e-con e-parent\" data-id=\"1a4cd1ba\" data-element_type=\"container\" data-settings=\"{&quot;background_background&quot;:&quot;slideshow&quot;,&quot;background_slideshow_gallery&quot;:[{&quot;id&quot;:785,&quot;url&quot;:&quot;http:\\\/\\\/music-academypezenas.fr\\\/wp-content\\\/uploads\\\/2026\\\/01\\\/cours_guitare_basse_gratuits.jpg&quot;}],&quot;background_slideshow_slide_duration&quot;:3000,&quot;background_slideshow_ken_burns&quot;:&quot;yes&quot;,&quot;background_slideshow_ken_burns_zoom_direction&quot;:&quot;out&quot;,&quot;background_slideshow_loop&quot;:&quot;yes&quot;,&quot;background_slideshow_slide_transition&quot;:&quot;fade&quot;,&quot;background_slideshow_transition_duration&quot;:500}\">\n\t\t\t\t<div class=\"elementor-element elementor-element-175c91ed elementor-widget elementor-widget-heading\" data-id=\"175c91ed\" data-element_type=\"widget\" data-widget_type=\"heading.default\">\n\t\t\t\t\t<h2 class=\"elementor-heading-title elementor-size-default\">Demandez un devis<\/h2>\t\t\t\t<\/div>\n\t\t\t\t<div class=\"elementor-element elementor-element-4c8a8e93 elementor-widget__width-initial elementor-widget-mobile__width-inherit elementor-widget elementor-widget-text-editor\" data-id=\"4c8a8e93\" data-element_type=\"widget\" data-widget_type=\"text-editor.default\">\n\t\t\t\t\t\t\t\t\t<p>Les tarifs indiqu\u00e9s sur le site sont ceux de la formule 1 &#8220;libre&#8221;. concernant les formations &#8220;PRO&#8221; envoyez nous votre demande par email.<\/p>\t\t\t\t\t\t\t\t<\/div>\n\t\t\t\t<div class=\"elementor-element elementor-element-3babe0bf elementor-mobile-align-center elementor-button-info elementor-widget elementor-widget-button\" data-id=\"3babe0bf\" data-element_type=\"widget\" data-widget_type=\"button.default\">\n\t\t\t\t\t\t\t\t\t\t<a class=\"elementor-button elementor-button-link elementor-size-sm\" href=\"http:\/\/secretariat@music-academypezenas.fr\" target=\"_blank\">\n\t\t\t\t\t\t<span class=\"elementor-button-content-wrapper\">\n\t\t\t\t\t\t<span class=\"elementor-button-icon\">\n\t\t\t\t<svg xmlns=\"http:\/\/www.w3.org\/2000\/svg\" id=\"e7693ca5-bf76-42df-999c-dbc3066cda9e\" data-name=\"Layer 1\" width=\"21.3525\" height=\"10.7197\" viewBox=\"0 0 21.3525 10.7197\"><polygon points=\"21 5.229 21.343 4.865 16.165 0 15.479 0.729 19.737 4.729 0 4.729 0 5.729 19.786 5.729 15.47 10.009 16.175 10.72 21.353 5.584 21 5.229\"><\/polygon><\/svg>\t\t\t<\/span>\n\t\t\t\t\t\t\t\t\t<span class=\"elementor-button-text\">EMAIL<\/span>\n\t\t\t\t\t<\/span>\n\t\t\t\t\t<\/a>\n\t\t\t\t\t\t\t\t<\/div>\n\t\t\t\t<\/div>\n\t\t<div class=\"elementor-element elementor-element-714defd e-con-full e-flex e-con e-parent\" data-id=\"714defd\" data-element_type=\"container\" data-settings=\"{&quot;background_background&quot;:&quot;classic&quot;}\">\n\t\t\t\t<div class=\"elementor-element elementor-element-1979b959 elementor-widget__width-auto elementor-widget elementor-widget-heading\" data-id=\"1979b959\" data-element_type=\"widget\" data-widget_type=\"heading.default\">\n\t\t\t\t\t<p class=\"elementor-heading-title elementor-size-default\">\u00a9 2026 Music Acad\u00e9my Reserved.<\/p>\t\t\t\t<\/div>\n\t\t\t\t<div class=\"elementor-element elementor-element-112ba3a5 e-grid-align-left elementor-widget__width-auto elementor-shape-rounded elementor-grid-0 elementor-widget elementor-widget-social-icons\" data-id=\"112ba3a5\" data-element_type=\"widget\" data-widget_type=\"social-icons.default\">\n\t\t\t\t\t\t\t<div class=\"elementor-social-icons-wrapper elementor-grid\" role=\"list\">\n\t\t\t\t\t\t\t<span class=\"elementor-grid-item\" role=\"listitem\">\n\t\t\t\t\t<a class=\"elementor-icon elementor-social-icon elementor-social-icon-facebook-f elementor-animation-float elementor-repeater-item-7d876ef\" target=\"_blank\">\n\t\t\t\t\t\t<span class=\"elementor-screen-only\">Facebook-f<\/span>\n\t\t\t\t\t\t<svg aria-hidden=\"true\" class=\"e-font-icon-svg e-fab-facebook-f\" viewBox=\"0 0 320 512\" xmlns=\"http:\/\/www.w3.org\/2000\/svg\"><path d=\"M279.14 288l14.22-92.66h-88.91v-60.13c0-25.35 12.42-50.06 52.24-50.06h40.42V6.26S260.43 0 225.36 0c-73.22 0-121.08 44.38-121.08 124.72v70.62H22.89V288h81.39v224h100.17V288z\"><\/path><\/svg>\t\t\t\t\t<\/a>\n\t\t\t\t<\/span>\n\t\t\t\t\t\t\t<span class=\"elementor-grid-item\" role=\"listitem\">\n\t\t\t\t\t<a class=\"elementor-icon elementor-social-icon elementor-social-icon- elementor-animation-float elementor-repeater-item-37a6fde\" target=\"_blank\">\n\t\t\t\t\t\t<span class=\"elementor-screen-only\"><\/span>\n\t\t\t\t\t\t<svg xmlns=\"http:\/\/www.w3.org\/2000\/svg\" id=\"aaf4d88f-6908-42b9-b3d6-5d6a3ec06a43\" data-name=\"Layer 1\" width=\"27\" height=\"26\" viewBox=\"0 0 27 26\"><path d=\"M26.9922,13.12c0-1.952.0071-3.904-.0054-5.856a7.4912,7.4912,0,0,0-.12-1.3338,6.9762,6.9762,0,0,0-2.4989-4.1911,7.3149,7.3149,0,0,0-4.73-1.7279c-4.031-.02-8.0623-.0061-12.0935-.0071a7.347,7.347,0,0,0-3.6653.907,6.9367,6.9367,0,0,0-3.85,6.2265C-.025,11.0332.0121,14.93.0169,18.8272a6.5069,6.5069,0,0,0,.8908,3.3475A7.2785,7.2785,0,0,0,7.419,25.9708c4.0565.0558,8.1145.0148,12.1719.0131a7.6378,7.6378,0,0,0,4.9015-1.8408,6.9218,6.9218,0,0,0,2.4928-5.276C27.0143,16.9517,26.9915,15.0354,26.9922,13.12ZM13.4174,20.21a7.3625,7.3625,0,0,1-7.4061-7.2182,7.3505,7.3505,0,0,1,7.4992-7.2115,7.3516,7.3516,0,0,1,7.4852,7.2146A7.37,7.37,0,0,1,13.4174,20.21ZM22.4962,5.7791a1.48,1.48,0,0,1-1.5005-1.4476,1.5014,1.5014,0,0,1,3-.0009A1.481,1.481,0,0,1,22.4962,5.7791Z\" transform=\"translate(0 0)\" style=\"fill-rule:evenodd\"><\/path><path d=\"M13.4969,8.3571a4.7331,4.7331,0,0,0-4.8183,4.6445,4.74,4.74,0,0,0,4.8241,4.6413,4.74,4.74,0,0,0,4.8187-4.6466A4.7342,4.7342,0,0,0,13.4969,8.3571Z\" transform=\"translate(0 0)\" style=\"fill-rule:evenodd\"><\/path><\/svg>\t\t\t\t\t<\/a>\n\t\t\t\t<\/span>\n\t\t\t\t\t\t\t<span class=\"elementor-grid-item\" role=\"listitem\">\n\t\t\t\t\t<a class=\"elementor-icon elementor-social-icon elementor-social-icon-twitter elementor-animation-float elementor-repeater-item-962a6bb\" target=\"_blank\">\n\t\t\t\t\t\t<span class=\"elementor-screen-only\">Twitter<\/span>\n\t\t\t\t\t\t<svg aria-hidden=\"true\" class=\"e-font-icon-svg e-fab-twitter\" viewBox=\"0 0 512 512\" xmlns=\"http:\/\/www.w3.org\/2000\/svg\"><path d=\"M459.37 151.716c.325 4.548.325 9.097.325 13.645 0 138.72-105.583 298.558-298.558 298.558-59.452 0-114.68-17.219-161.137-47.106 8.447.974 16.568 1.299 25.34 1.299 49.055 0 94.213-16.568 130.274-44.832-46.132-.975-84.792-31.188-98.112-72.772 6.498.974 12.995 1.624 19.818 1.624 9.421 0 18.843-1.3 27.614-3.573-48.081-9.747-84.143-51.98-84.143-102.985v-1.299c13.969 7.797 30.214 12.67 47.431 13.319-28.264-18.843-46.781-51.005-46.781-87.391 0-19.492 5.197-37.36 14.294-52.954 51.655 63.675 129.3 105.258 216.365 109.807-1.624-7.797-2.599-15.918-2.599-24.04 0-57.828 46.782-104.934 104.934-104.934 30.213 0 57.502 12.67 76.67 33.137 23.715-4.548 46.456-13.32 66.599-25.34-7.798 24.366-24.366 44.833-46.132 57.827 21.117-2.273 41.584-8.122 60.426-16.243-14.292 20.791-32.161 39.308-52.628 54.253z\"><\/path><\/svg>\t\t\t\t\t<\/a>\n\t\t\t\t<\/span>\n\t\t\t\t\t<\/div>\n\t\t\t\t\t\t<\/div>\n\t\t\t\t<\/div>\n\t\t\t\t<\/div>\n\t\t","protected":false},"excerpt":{"rendered":"<p>FORMATIONS FORMULES 01 LIBRE \u00c9cole de musique offrant un enseignement personnalis\u00e9, adapt\u00e9 aux go\u00fbts, au style et aux envies de chaque \u00e9l\u00e8ve, avec des conseils sur mesure pour r\u00e9v\u00e9ler sa personnalit\u00e9 musicale. 02 PRO Formation musicale sur mesure destin\u00e9e aux associations, entreprises et \u00e9tablissements scolaires publics ou priv\u00e9s, adapt\u00e9e aux besoins, aux objectifs et aux [&hellip;]<\/p>\n","protected":false},"author":1,"featured_media":0,"parent":0,"menu_order":0,"comment_status":"closed","ping_status":"closed","template":"","meta":{"_eb_attr":"","footnotes":""},"class_list":["post-766","page","type-page","status-publish","hentry"],"_links":{"self":[{"href":"http:\/\/music-academypezenas.fr\/index.php?rest_route=\/wp\/v2\/pages\/766","targetHints":{"allow":["GET"]}}],"collection":[{"href":"http:\/\/music-academypezenas.fr\/index.php?rest_route=\/wp\/v2\/pages"}],"about":[{"href":"http:\/\/music-academypezenas.fr\/index.php?rest_route=\/wp\/v2\/types\/page"}],"author":[{"embeddable":true,"href":"http:\/\/music-academypezenas.fr\/index.php?rest_route=\/wp\/v2\/users\/1"}],"replies":[{"embeddable":true,"href":"http:\/\/music-academypezenas.fr\/index.php?rest_route=%2Fwp%2Fv2%2Fcomments&post=766"}],"version-history":[{"count":7,"href":"http:\/\/music-academypezenas.fr\/index.php?rest_route=\/wp\/v2\/pages\/766\/revisions"}],"predecessor-version":[{"id":791,"href":"http:\/\/music-academypezenas.fr\/index.php?rest_route=\/wp\/v2\/pages\/766\/revisions\/791"}],"wp:attachment":[{"href":"http:\/\/music-academypezenas.fr\/index.php?rest_route=%2Fwp%2Fv2%2Fmedia&parent=766"}],"curies":[{"name":"wp","href":"https:\/\/api.w.org\/{rel}","templated":true}]}}