{"id":451,"date":"2025-06-30T19:16:36","date_gmt":"2025-06-30T19:16:36","guid":{"rendered":"http:\/\/music-academypezenas.fr\/?page_id=451"},"modified":"2025-07-23T08:03:18","modified_gmt":"2025-07-23T08:03:18","slug":"professeur","status":"publish","type":"page","link":"http:\/\/music-academypezenas.fr\/?page_id=451","title":{"rendered":"Professeur"},"content":{"rendered":"\t\t<div data-elementor-type=\"wp-page\" data-elementor-id=\"451\" class=\"elementor elementor-451\" data-elementor-post-type=\"page\">\n\t\t\t\t<div class=\"elementor-element elementor-element-1dd867b4 e-con-full e-flex e-con e-parent\" data-id=\"1dd867b4\" data-element_type=\"container\" data-settings=\"{&quot;background_background&quot;:&quot;classic&quot;}\">\n\t\t\t\t<div class=\"elementor-element elementor-element-508dcb10 elementor-widget__width-initial elementor-cta--skin-classic elementor-animated-content elementor-invisible elementor-widget elementor-widget-call-to-action\" data-id=\"508dcb10\" data-element_type=\"widget\" data-settings=\"{&quot;_animation&quot;:&quot;fadeInUp&quot;}\" data-widget_type=\"call-to-action.default\">\n\t\t\t\t\t\t\t<div class=\"elementor-cta\">\n\t\t\t\t\t<div class=\"elementor-cta__bg-wrapper\">\n\t\t\t\t<div class=\"elementor-cta__bg elementor-bg\" style=\"background-image: url(http:\/\/music-academypezenas.fr\/wp-content\/uploads\/2025\/07\/image.jpg);\" role=\"img\" aria-label=\"image\"><\/div>\n\t\t\t\t<div class=\"elementor-cta__bg-overlay\"><\/div>\n\t\t\t<\/div>\n\t\t\t\t\t\t\t\t<\/div>\n\t\t\t\t\t\t<\/div>\n\t\t\t\t<div class=\"elementor-element elementor-element-375c8372 elementor-widget__width-initial elementor-cta--skin-classic elementor-animated-content elementor-invisible elementor-widget elementor-widget-call-to-action\" data-id=\"375c8372\" data-element_type=\"widget\" data-settings=\"{&quot;_animation&quot;:&quot;fadeInUp&quot;,&quot;_animation_delay&quot;:&quot;200&quot;}\" data-widget_type=\"call-to-action.default\">\n\t\t\t\t\t\t\t<div class=\"elementor-cta\">\n\t\t\t\t\t<div class=\"elementor-cta__bg-wrapper\">\n\t\t\t\t<div class=\"elementor-cta__bg elementor-bg\" style=\"background-image: url(http:\/\/music-academypezenas.fr\/wp-content\/uploads\/2025\/06\/varietes_2-1.jpg);\" role=\"img\" aria-label=\"varietes_2\"><\/div>\n\t\t\t\t<div class=\"elementor-cta__bg-overlay\"><\/div>\n\t\t\t<\/div>\n\t\t\t\t\t\t\t\t<\/div>\n\t\t\t\t\t\t<\/div>\n\t\t\t\t<div class=\"elementor-element elementor-element-101c7e14 elementor-widget__width-initial elementor-cta--skin-classic elementor-animated-content elementor-invisible elementor-widget elementor-widget-call-to-action\" data-id=\"101c7e14\" data-element_type=\"widget\" data-settings=\"{&quot;_animation&quot;:&quot;fadeInUp&quot;,&quot;_animation_delay&quot;:&quot;400&quot;}\" data-widget_type=\"call-to-action.default\">\n\t\t\t\t\t\t\t<div class=\"elementor-cta\">\n\t\t\t\t\t<div class=\"elementor-cta__bg-wrapper\">\n\t\t\t\t<div class=\"elementor-cta__bg elementor-bg\" style=\"background-image: url(http:\/\/music-academypezenas.fr\/wp-content\/uploads\/2025\/07\/494073493_1251740046876972_5250843633552090070_n.jpg);\" role=\"img\" aria-label=\"494073493_1251740046876972_5250843633552090070_n\"><\/div>\n\t\t\t\t<div class=\"elementor-cta__bg-overlay\"><\/div>\n\t\t\t<\/div>\n\t\t\t\t\t\t\t\t<\/div>\n\t\t\t\t\t\t<\/div>\n\t\t\t\t<\/div>\n\t\t\t\t<section class=\"elementor-section elementor-top-section elementor-element elementor-element-5b101e5c elementor-section-content-middle elementor-section-boxed elementor-section-height-default elementor-section-height-default\" data-id=\"5b101e5c\" data-element_type=\"section\" data-settings=\"{&quot;background_background&quot;:&quot;classic&quot;}\">\n\t\t\t\t\t\t<div class=\"elementor-container elementor-column-gap-no\">\n\t\t\t\t\t<div class=\"elementor-column elementor-col-100 elementor-top-column elementor-element elementor-element-6682bbb2\" data-id=\"6682bbb2\" data-element_type=\"column\">\n\t\t\t<div class=\"elementor-widget-wrap elementor-element-populated\">\n\t\t\t\t\t\t<section class=\"elementor-section elementor-inner-section elementor-element elementor-element-76d5e304 elementor-section-boxed elementor-section-height-default elementor-section-height-default\" data-id=\"76d5e304\" data-element_type=\"section\">\n\t\t\t\t\t\t<div class=\"elementor-container elementor-column-gap-no\">\n\t\t\t\t\t<div class=\"elementor-column elementor-col-100 elementor-inner-column elementor-element elementor-element-2cc13233\" data-id=\"2cc13233\" data-element_type=\"column\">\n\t\t\t<div class=\"elementor-widget-wrap elementor-element-populated\">\n\t\t\t\t\t\t<div class=\"elementor-element elementor-element-17585b7c elementor-invisible elementor-widget elementor-widget-heading\" data-id=\"17585b7c\" data-element_type=\"widget\" data-settings=\"{&quot;_animation&quot;:&quot;fadeInUp&quot;}\" data-widget_type=\"heading.default\">\n\t\t\t\t\t<h4 class=\"elementor-heading-title elementor-size-default\">Midi Libre parution <span>Publi\u00e9e le <time>27\/06\/2020<\/time><\/span><\/h4>\t\t\t\t<\/div>\n\t\t\t\t<div class=\"elementor-element elementor-element-4784e144 elementor-widget__width-initial elementor-invisible elementor-widget elementor-widget-text-editor\" data-id=\"4784e144\" data-element_type=\"widget\" data-settings=\"{&quot;_animation&quot;:&quot;fadeInUp&quot;}\" data-widget_type=\"text-editor.default\">\n\t\t\t\t\t\t\t\t\t<p>Franck Lopez est un Pisc\u00e9nois pur sucre ! Apr\u00e8s une formation \u00e0 l\u2019\u00e9cole municipale de musique de P\u00e9zenas (il a commenc\u00e9 par la trompette), sous la houlette de M. Audrin, et au conservatoire de B\u00e9ziers, il a d\u00e9cid\u00e9 de revenir dans sa ville natale, apr\u00e8s 25 ans d\u2019exp\u00e9riences internationales de terrain et de sc\u00e8nes europ\u00e9ennes, pour enseigner d\u2019une mani\u00e8re ludique sa passion.<\/p><p>Ses instruments de pr\u00e9dilection sont la guitare, le violon et le ukul\u00e9l\u00e9. Son enseignement est particuli\u00e8rement adapt\u00e9 \u00e0 chacun. <span class=\"txt-cit\">&#8220;Le principe est simple<\/span>, dit-il. <span class=\"txt-cit\">Le professeur s\u2019investit, est \u00e0 l\u2019\u00e9coute de son \u00e9l\u00e8ve et adapte la p\u00e9dagogie selon ses besoins. Chaque \u00e9l\u00e8ve a sa propre personnalit\u00e9, je propose que ce soit le professeur qui change sa p\u00e9dagogie pour sublimer la personnalit\u00e9 musicale de l\u2019\u00e9l\u00e8ve&#8221;.<\/span><\/p><p>Music Academy est l\u2019id\u00e9e d\u2019une \u00e9cole sans pression. L\u2019apprentissage du solf\u00e8ge, par exemple, peut parfois para\u00eetre r\u00e9barbatif \u00e0 certains. Selon Franck, <span class=\"txt-cit\">&#8220;on peut s\u2019en passer selon le style, selon l\u2019envie. Il existe des m\u00e9thodes alternatives tr\u00e8s au point. La th\u00e9orie est ins\u00e9r\u00e9e doucement au gr\u00e9 de l\u2019\u00e9volution de l\u2019\u00e9l\u00e8ve, son apprentissage ne se sent pas. En la mati\u00e8re, aucun livre n\u2019est bon pour tous, aucun livre ne s\u2019adapte \u00e0 la personnalit\u00e9 de chacun, donc ici aucun livre mais des partitions personnalis\u00e9es.&#8221;<\/span><\/p><p>Dans l\u2019\u00e9tude de chaque instrument, tous les styles sont permis : \u00e9lectrique, classique, folk, jazz, rock, blues, pop, lounge, remix\u2026 selon le d\u00e9sir de chacun.<\/p><p>Quelque 60 \u00e9l\u00e8ves s\u2019\u00e9panouissent dans l\u2019acad\u00e9mie : ils ont de sept ans \u00e0\u2026 l\u2019apr\u00e8s-retraite !<\/p><p>Toutes les partitions sont cr\u00e9\u00e9es par le professeur et adapt\u00e9es \u00e0 l\u2019\u00e9l\u00e8ve.<\/p>\t\t\t\t\t\t\t\t<\/div>\n\t\t\t\t\t<\/div>\n\t\t<\/div>\n\t\t\t\t\t<\/div>\n\t\t<\/section>\n\t\t\t\t<section class=\"elementor-section elementor-inner-section elementor-element elementor-element-197abc8a elementor-section-boxed elementor-section-height-default elementor-section-height-default\" data-id=\"197abc8a\" data-element_type=\"section\">\n\t\t\t\t\t\t<div class=\"elementor-container elementor-column-gap-no\">\n\t\t\t\t\t<div class=\"elementor-column elementor-col-100 elementor-inner-column elementor-element elementor-element-622356b2\" data-id=\"622356b2\" data-element_type=\"column\">\n\t\t\t<div class=\"elementor-widget-wrap elementor-element-populated\">\n\t\t\t\t\t\t<div class=\"elementor-element elementor-element-19870fe9 elementor-absolute elementor-widget__width-auto elementor-widget elementor-widget-image\" data-id=\"19870fe9\" data-element_type=\"widget\" data-settings=\"{&quot;_position&quot;:&quot;absolute&quot;}\" data-widget_type=\"image.default\">\n\t\t\t\t\t\t\t\t\t\t\t\t\t\t\t<img fetchpriority=\"high\" decoding=\"async\" width=\"256\" height=\"515\" src=\"http:\/\/music-academypezenas.fr\/wp-content\/uploads\/2025\/06\/shape-4.png\" class=\"attachment-full size-full wp-image-524\" alt=\"\" srcset=\"http:\/\/music-academypezenas.fr\/wp-content\/uploads\/2025\/06\/shape-4.png 256w, http:\/\/music-academypezenas.fr\/wp-content\/uploads\/2025\/06\/shape-4-149x300.png 149w\" sizes=\"(max-width: 256px) 100vw, 256px\" \/>\t\t\t\t\t\t\t\t\t\t\t\t\t\t\t<\/div>\n\t\t\t\t\t<\/div>\n\t\t<\/div>\n\t\t\t\t\t<\/div>\n\t\t<\/section>\n\t\t\t\t\t<\/div>\n\t\t<\/div>\n\t\t\t\t\t<\/div>\n\t\t<\/section>\n\t\t<div class=\"elementor-element elementor-element-f9f97a4 e-flex e-con-boxed e-con e-parent\" data-id=\"f9f97a4\" data-element_type=\"container\" data-settings=\"{&quot;background_background&quot;:&quot;classic&quot;}\">\n\t\t\t\t\t<div class=\"e-con-inner\">\n\t\t<div class=\"elementor-element elementor-element-1c31922 e-flex e-con-boxed e-con e-child\" data-id=\"1c31922\" data-element_type=\"container\">\n\t\t\t\t\t<div class=\"e-con-inner\">\n\t\t\t\t<div class=\"elementor-element elementor-element-7c599e9b animated-slow elementor-invisible elementor-widget elementor-widget-heading\" data-id=\"7c599e9b\" data-element_type=\"widget\" data-settings=\"{&quot;_animation&quot;:&quot;slideInUp&quot;}\" data-widget_type=\"heading.default\">\n\t\t\t\t\t<h2 class=\"elementor-heading-title elementor-size-default\">Venez nous rencontrer<\/h2>\t\t\t\t<\/div>\n\t\t\t\t<div class=\"elementor-element elementor-element-7a285c12 animated-slow elementor-invisible elementor-widget elementor-widget-heading\" data-id=\"7a285c12\" data-element_type=\"widget\" data-settings=\"{&quot;_animation&quot;:&quot;slideInUp&quot;}\" data-widget_type=\"heading.default\">\n\t\t\t\t\t<h2 class=\"elementor-heading-title elementor-size-default\">contact <\/h2>\t\t\t\t<\/div>\n\t\t\t\t\t<\/div>\n\t\t\t\t<\/div>\n\t\t<div class=\"elementor-element elementor-element-2040e2bf e-con-full e-flex e-con e-child\" data-id=\"2040e2bf\" data-element_type=\"container\">\n\t\t<div class=\"elementor-element elementor-element-5aa4bb25 e-con-full e-flex e-con e-child\" data-id=\"5aa4bb25\" data-element_type=\"container\">\n\t\t\t\t<div class=\"elementor-element elementor-element-6c044110 elementor-widget__width-inherit elementor-widget-divider--view-line elementor-widget elementor-widget-divider\" data-id=\"6c044110\" data-element_type=\"widget\" data-widget_type=\"divider.default\">\n\t\t\t\t\t\t\t<div class=\"elementor-divider\">\n\t\t\t<span class=\"elementor-divider-separator\">\n\t\t\t\t\t\t<\/span>\n\t\t<\/div>\n\t\t\t\t\t\t<\/div>\n\t\t\t\t<div class=\"elementor-element elementor-element-7361bad4 elementor-widget elementor-widget-heading\" data-id=\"7361bad4\" data-element_type=\"widget\" data-widget_type=\"heading.default\">\n\t\t\t\t\t<h3 class=\"elementor-heading-title elementor-size-default\">Adresse<\/h3>\t\t\t\t<\/div>\n\t\t\t\t<div class=\"elementor-element elementor-element-6ccabf6a elementor-align-center elementor-icon-list--layout-traditional elementor-list-item-link-full_width elementor-widget elementor-widget-icon-list\" data-id=\"6ccabf6a\" data-element_type=\"widget\" data-widget_type=\"icon-list.default\">\n\t\t\t\t\t\t\t<ul class=\"elementor-icon-list-items\">\n\t\t\t\t\t\t\t<li class=\"elementor-icon-list-item\">\n\t\t\t\t\t\t\t\t\t\t<span class=\"elementor-icon-list-text\">4 avenue Grange Rouge 34120 Pezenas<\/span>\n\t\t\t\t\t\t\t\t\t<\/li>\n\t\t\t\t\t\t<\/ul>\n\t\t\t\t\t\t<\/div>\n\t\t\t\t<\/div>\n\t\t<div class=\"elementor-element elementor-element-41fb7967 e-con-full e-flex e-con e-child\" data-id=\"41fb7967\" data-element_type=\"container\">\n\t\t\t\t<div class=\"elementor-element elementor-element-2fa5f5ee elementor-widget__width-inherit elementor-widget-divider--view-line elementor-widget elementor-widget-divider\" data-id=\"2fa5f5ee\" data-element_type=\"widget\" data-widget_type=\"divider.default\">\n\t\t\t\t\t\t\t<div class=\"elementor-divider\">\n\t\t\t<span class=\"elementor-divider-separator\">\n\t\t\t\t\t\t<\/span>\n\t\t<\/div>\n\t\t\t\t\t\t<\/div>\n\t\t\t\t<div class=\"elementor-element elementor-element-6022173c elementor-widget elementor-widget-heading\" data-id=\"6022173c\" data-element_type=\"widget\" data-widget_type=\"heading.default\">\n\t\t\t\t\t<h3 class=\"elementor-heading-title elementor-size-default\">T\u00e9l\u00e9phone \/ e-mail<\/h3>\t\t\t\t<\/div>\n\t\t\t\t<div class=\"elementor-element elementor-element-2d614b3 elementor-align-center elementor-icon-list--layout-traditional elementor-list-item-link-full_width elementor-widget elementor-widget-icon-list\" data-id=\"2d614b3\" data-element_type=\"widget\" data-widget_type=\"icon-list.default\">\n\t\t\t\t\t\t\t<ul class=\"elementor-icon-list-items\">\n\t\t\t\t\t\t\t<li class=\"elementor-icon-list-item\">\n\t\t\t\t\t\t\t\t\t\t\t<a href=\"tel:213-200-5078%20\">\n\n\t\t\t\t\t\t\t\t\t\t\t<span class=\"elementor-icon-list-text\">06 52 22 33 80<\/span>\n\t\t\t\t\t\t\t\t\t\t\t<\/a>\n\t\t\t\t\t\t\t\t\t<\/li>\n\t\t\t\t\t\t\t\t<li class=\"elementor-icon-list-item\">\n\t\t\t\t\t\t\t\t\t\t\t<a href=\"mailto:kevinclarkfit@training.com\">\n\n\t\t\t\t\t\t\t\t\t\t\t<span class=\"elementor-icon-list-text\"> secretariat@music-academypezenas.fr siret : 788 502 888 00027<\/span>\n\t\t\t\t\t\t\t\t\t\t\t<\/a>\n\t\t\t\t\t\t\t\t\t<\/li>\n\t\t\t\t\t\t<\/ul>\n\t\t\t\t\t\t<\/div>\n\t\t\t\t<\/div>\n\t\t<div class=\"elementor-element elementor-element-69d06bdf e-con-full e-flex e-con e-child\" data-id=\"69d06bdf\" data-element_type=\"container\">\n\t\t\t\t<div class=\"elementor-element elementor-element-76d30ad7 elementor-widget__width-inherit elementor-widget-divider--view-line elementor-widget elementor-widget-divider\" data-id=\"76d30ad7\" data-element_type=\"widget\" data-widget_type=\"divider.default\">\n\t\t\t\t\t\t\t<div class=\"elementor-divider\">\n\t\t\t<span class=\"elementor-divider-separator\">\n\t\t\t\t\t\t<\/span>\n\t\t<\/div>\n\t\t\t\t\t\t<\/div>\n\t\t\t\t<div class=\"elementor-element elementor-element-e4858c7 elementor-widget elementor-widget-heading\" data-id=\"e4858c7\" data-element_type=\"widget\" data-widget_type=\"heading.default\">\n\t\t\t\t\t<h3 class=\"elementor-heading-title elementor-size-default\">Horaires<\/h3>\t\t\t\t<\/div>\n\t\t\t\t<div class=\"elementor-element elementor-element-7a377c1 elementor-align-center elementor-icon-list--layout-traditional elementor-list-item-link-full_width elementor-widget elementor-widget-icon-list\" data-id=\"7a377c1\" data-element_type=\"widget\" data-widget_type=\"icon-list.default\">\n\t\t\t\t\t\t\t<ul class=\"elementor-icon-list-items\">\n\t\t\t\t\t\t\t<li class=\"elementor-icon-list-item\">\n\t\t\t\t\t\t\t\t\t\t<span class=\"elementor-icon-list-text\">Toute la semaine sur RDV<\/span>\n\t\t\t\t\t\t\t\t\t<\/li>\n\t\t\t\t\t\t<\/ul>\n\t\t\t\t\t\t<\/div>\n\t\t\t\t<\/div>\n\t\t\t\t<\/div>\n\t\t\t\t\t<\/div>\n\t\t\t\t<\/div>\n\t\t<div class=\"elementor-element elementor-element-320b0218 e-con-full e-flex e-con e-parent\" data-id=\"320b0218\" data-element_type=\"container\">\n\t\t\t\t<div class=\"elementor-element elementor-element-1f563008 elementor-widget elementor-widget-google_maps\" data-id=\"1f563008\" data-element_type=\"widget\" data-widget_type=\"google_maps.default\">\n\t\t\t\t\t\t\t<div class=\"elementor-custom-embed\">\n\t\t\t<iframe loading=\"lazy\"\n\t\t\t\t\tsrc=\"https:\/\/maps.google.com\/maps?q=4%20avenue%20grange%20rouge%2034120%20pezenas&#038;t=m&#038;z=14&#038;output=embed&#038;iwloc=near\"\n\t\t\t\t\ttitle=\"4 avenue grange rouge 34120 pezenas\"\n\t\t\t\t\taria-label=\"4 avenue grange rouge 34120 pezenas\"\n\t\t\t><\/iframe>\n\t\t<\/div>\n\t\t\t\t\t\t<\/div>\n\t\t\t\t<\/div>\n\t\t\t\t<\/div>\n\t\t","protected":false},"excerpt":{"rendered":"<p>Midi Libre parution Publi\u00e9e le 27\/06\/2020 Franck Lopez est un Pisc\u00e9nois pur sucre ! Apr\u00e8s une formation \u00e0 l\u2019\u00e9cole municipale de musique de P\u00e9zenas (il a commenc\u00e9 par la trompette), sous la houlette de M. Audrin, et au conservatoire de B\u00e9ziers, il a d\u00e9cid\u00e9 de revenir dans sa ville natale, apr\u00e8s 25 ans d\u2019exp\u00e9riences internationales [&hellip;]<\/p>\n","protected":false},"author":1,"featured_media":0,"parent":0,"menu_order":0,"comment_status":"closed","ping_status":"closed","template":"elementor_header_footer","meta":{"_eb_attr":"","footnotes":""},"class_list":["post-451","page","type-page","status-publish","hentry"],"_links":{"self":[{"href":"http:\/\/music-academypezenas.fr\/index.php?rest_route=\/wp\/v2\/pages\/451","targetHints":{"allow":["GET"]}}],"collection":[{"href":"http:\/\/music-academypezenas.fr\/index.php?rest_route=\/wp\/v2\/pages"}],"about":[{"href":"http:\/\/music-academypezenas.fr\/index.php?rest_route=\/wp\/v2\/types\/page"}],"author":[{"embeddable":true,"href":"http:\/\/music-academypezenas.fr\/index.php?rest_route=\/wp\/v2\/users\/1"}],"replies":[{"embeddable":true,"href":"http:\/\/music-academypezenas.fr\/index.php?rest_route=%2Fwp%2Fv2%2Fcomments&post=451"}],"version-history":[{"count":25,"href":"http:\/\/music-academypezenas.fr\/index.php?rest_route=\/wp\/v2\/pages\/451\/revisions"}],"predecessor-version":[{"id":761,"href":"http:\/\/music-academypezenas.fr\/index.php?rest_route=\/wp\/v2\/pages\/451\/revisions\/761"}],"wp:attachment":[{"href":"http:\/\/music-academypezenas.fr\/index.php?rest_route=%2Fwp%2Fv2%2Fmedia&parent=451"}],"curies":[{"name":"wp","href":"https:\/\/api.w.org\/{rel}","templated":true}]}}